{"id":233,"date":"2024-05-29T12:50:13","date_gmt":"2024-05-29T10:50:13","guid":{"rendered":"https:\/\/pruebas.maveingenieros.com\/?page_id=233"},"modified":"2025-10-21T19:47:08","modified_gmt":"2025-10-21T17:47:08","slug":"galeria","status":"publish","type":"page","link":"https:\/\/pruebas.maveingenieros.com\/en\/galeria\/","title":{"rendered":"Gallery"},"content":{"rendered":"<div data-elementor-type=\"wp-page\" data-elementor-id=\"233\" class=\"elementor elementor-233\" data-elementor-post-type=\"page\">\n\t\t\t\t<div class=\"elementor-element elementor-element-b62386e e-flex e-con-boxed wpr-particle-no wpr-jarallax-no wpr-parallax-no wpr-sticky-section-no e-con e-parent\" data-id=\"b62386e\" data-element_type=\"container\" data-settings=\"{&quot;background_background&quot;:&quot;classic&quot;}\">\n\t\t\t\t\t<div class=\"e-con-inner\">\n\t\t<div class=\"elementor-element elementor-element-add26b1 e-con-full e-flex wpr-particle-no wpr-jarallax-no wpr-parallax-no wpr-sticky-section-no e-con e-child\" data-id=\"add26b1\" data-element_type=\"container\">\n\t\t\t\t<div class=\"elementor-element elementor-element-e63ed5f elementor-invisible elementor-widget elementor-widget-heading\" data-id=\"e63ed5f\" data-element_type=\"widget\" data-settings=\"{&quot;_animation&quot;:&quot;fadeInUp&quot;}\" data-widget_type=\"heading.default\">\n\t\t\t\t<div class=\"elementor-widget-container\">\n\t\t\t\t\t<h1 class=\"elementor-heading-title elementor-size-default\">Gallery<\/h1>\t\t\t\t<\/div>\n\t\t\t\t<\/div>\n\t\t\t\t<div class=\"elementor-element elementor-element-a1334b6 elementor-invisible elementor-widget elementor-widget-heading\" data-id=\"a1334b6\" data-element_type=\"widget\" data-settings=\"{&quot;_animation&quot;:&quot;fadeInUp&quot;,&quot;_animation_delay&quot;:200}\" data-widget_type=\"heading.default\">\n\t\t\t\t<div class=\"elementor-widget-container\">\n\t\t\t\t\t<h4 class=\"elementor-heading-title elementor-size-default\">Galer\u00eda de im\u00e1genes de algunos de nuestros proyectos<\/h4>\t\t\t\t<\/div>\n\t\t\t\t<\/div>\n\t\t\t\t<\/div>\n\t\t\t\t\t<\/div>\n\t\t\t\t<\/div>\n\t\t<div class=\"elementor-element elementor-element-5b3badc e-flex e-con-boxed wpr-particle-no wpr-jarallax-no wpr-parallax-no wpr-sticky-section-no e-con e-parent\" data-id=\"5b3badc\" data-element_type=\"container\" data-settings=\"{&quot;background_background&quot;:&quot;classic&quot;}\">\n\t\t\t\t\t<div class=\"e-con-inner\">\n\t\t<div class=\"elementor-element elementor-element-342b710 e-con-full e-flex wpr-particle-no wpr-jarallax-no wpr-parallax-no wpr-sticky-section-no elementor-invisible e-con e-child\" data-id=\"342b710\" data-element_type=\"container\" data-settings=\"{&quot;animation&quot;:&quot;fadeIn&quot;,&quot;animation_delay&quot;:200}\">\n\t\t\t\t<div class=\"elementor-element elementor-element-1295e81 ee-grid-masonry-layout--mixed ee-grid-columns-3 ee-grid-columns-tablet-2 ee-grid-columns-mobile-1 ee-gallery-overflow-tablet--yes ee-gallery-overflow-mobile--yes elementor-widget elementor-widget-gallery-extra\" data-id=\"1295e81\" data-element_type=\"widget\" data-settings=\"{&quot;masonry_enable&quot;:&quot;yes&quot;,&quot;tilt_enable&quot;:&quot;yes&quot;,&quot;tilt_axis&quot;:&quot;y&quot;,&quot;tilt_amount&quot;:{&quot;unit&quot;:&quot;px&quot;,&quot;size&quot;:15,&quot;sizes&quot;:[]},&quot;tilt_scale&quot;:{&quot;unit&quot;:&quot;px&quot;,&quot;size&quot;:1.04,&quot;sizes&quot;:[]},&quot;columns&quot;:&quot;3&quot;,&quot;columns_tablet&quot;:&quot;2&quot;,&quot;columns_mobile&quot;:&quot;1&quot;,&quot;tilt_speed&quot;:{&quot;unit&quot;:&quot;px&quot;,&quot;size&quot;:800,&quot;sizes&quot;:[]}}\" data-widget_type=\"gallery-extra.default\">\n\t\t\t\t<div class=\"elementor-widget-container\">\n\t\t\t\t\t<div class=\"ee-gallery-wrapper\">\n\t\t\t<div class=\"ee-gallery ee-grid ee-grid--gallery ee-gallery__gallery\"><div class=\"ee-grid__item ee-grid__item--sizer\"><\/div><div class=\"ee-gallery__item ee-gallery__item--1 ee-grid__item\">\n\t\t\t\t<a class=\"ee-media ee-gallery__media\" data-elementor-open-lightbox=\"yes\" data-elementor-lightbox-slideshow=\"1295e81_233\" data-e-action-hash=\"#elementor-action%3Aaction%3Dlightbox%26settings%3DeyJpZCI6MTI2OSwidXJsIjoiaHR0cHM6XC9cL3BydWViYXMubWF2ZWluZ2VuaWVyb3MuY29tXC93cC1jb250ZW50XC91cGxvYWRzXC8yMDI0XC8wOFwvZm9ybWFjaW9uX2luZ2VuaWVyb3MuanBnLndlYnAiLCJzbGlkZXNob3ciOiIxMjk1ZTgxXzIzMyJ9\" href=\"https:\/\/pruebas.maveingenieros.com\/wp-content\/uploads\/2024\/08\/formacion_ingenieros.jpg.webp\">\n\t\t\t\t\t<div class=\"ee-media__wrapper ee-gallery__media-wrapper ee-gallery__tilt\"><div class=\"ee-media__thumbnail ee-gallery__media__thumbnail\">\n\t\t\t<img decoding=\"async\" src=\"https:\/\/pruebas.maveingenieros.com\/wp-content\/uploads\/2024\/08\/formacion_ingenieros.jpg.webp\" \/>\n\t\t<\/div><div class=\"ee-media__overlay ee-gallery__media__overlay\"><\/div><\/div>\n\t\t\t\t<\/a>\n\t\t\t<\/div><div class=\"ee-gallery__item ee-gallery__item--2 ee-grid__item\">\n\t\t\t\t<a class=\"ee-media ee-gallery__media\" data-elementor-open-lightbox=\"yes\" data-elementor-lightbox-slideshow=\"1295e81_233\" data-e-action-hash=\"#elementor-action%3Aaction%3Dlightbox%26settings%3DeyJpZCI6MTA1OSwidXJsIjoiaHR0cHM6XC9cL3BydWViYXMubWF2ZWluZ2VuaWVyb3MuY29tXC93cC1jb250ZW50XC91cGxvYWRzXC8yMDI0XC8wOFwvZ3JvdXAtb2YtaW5kdXN0cmlhbC1wZW9wbGUtc3RhbmRpbmctYXQtaW5kdXN0cmlhbC1mYWN0b3J5LmpwZyIsInNsaWRlc2hvdyI6IjEyOTVlODFfMjMzIn0%3D\" href=\"https:\/\/pruebas.maveingenieros.com\/wp-content\/uploads\/2024\/08\/group-of-industrial-people-standing-at-industrial-factory.jpg\">\n\t\t\t\t\t<div class=\"ee-media__wrapper ee-gallery__media-wrapper ee-gallery__tilt\"><div class=\"ee-media__thumbnail ee-gallery__media__thumbnail\">\n\t\t\t<img decoding=\"async\" src=\"https:\/\/pruebas.maveingenieros.com\/wp-content\/uploads\/2024\/08\/group-of-industrial-people-standing-at-industrial-factory.jpg\" \/>\n\t\t<\/div><div class=\"ee-media__overlay ee-gallery__media__overlay\"><\/div><\/div>\n\t\t\t\t<\/a>\n\t\t\t<\/div><div class=\"ee-gallery__item ee-gallery__item--3 ee-grid__item\">\n\t\t\t\t<a class=\"ee-media ee-gallery__media\" data-elementor-open-lightbox=\"yes\" data-elementor-lightbox-slideshow=\"1295e81_233\" data-e-action-hash=\"#elementor-action%3Aaction%3Dlightbox%26settings%3DeyJpZCI6NzY2LCJ1cmwiOiJodHRwczpcL1wvcHJ1ZWJhcy5tYXZlaW5nZW5pZXJvcy5jb21cL3dwLWNvbnRlbnRcL3VwbG9hZHNcLzIwMjRcLzA4XC9zaWRlLXZpZXctb2YteW91bmctZW5naW5lZXItaW4td29ya3dlYXItdXNpbmctZGlnaXRhbC10YWJsZXQuanBnIiwic2xpZGVzaG93IjoiMTI5NWU4MV8yMzMifQ%3D%3D\" href=\"https:\/\/pruebas.maveingenieros.com\/wp-content\/uploads\/2024\/08\/side-view-of-young-engineer-in-workwear-using-digital-tablet.jpg\">\n\t\t\t\t\t<div class=\"ee-media__wrapper ee-gallery__media-wrapper ee-gallery__tilt\"><div class=\"ee-media__thumbnail ee-gallery__media__thumbnail\">\n\t\t\t<img decoding=\"async\" src=\"https:\/\/pruebas.maveingenieros.com\/wp-content\/uploads\/2024\/08\/side-view-of-young-engineer-in-workwear-using-digital-tablet.jpg\" \/>\n\t\t<\/div><div class=\"ee-media__overlay ee-gallery__media__overlay\"><\/div><\/div>\n\t\t\t\t<\/a>\n\t\t\t<\/div><div class=\"ee-gallery__item ee-gallery__item--4 ee-grid__item\">\n\t\t\t\t<a class=\"ee-media ee-gallery__media\" data-elementor-open-lightbox=\"yes\" data-elementor-lightbox-slideshow=\"1295e81_233\" data-e-action-hash=\"#elementor-action%3Aaction%3Dlightbox%26settings%3DeyJpZCI6NTY1LCJ1cmwiOiJodHRwczpcL1wvcHJ1ZWJhcy5tYXZlaW5nZW5pZXJvcy5jb21cL3dwLWNvbnRlbnRcL3VwbG9hZHNcLzIwMjRcLzA3XC9lcXVpcG9faHVtYW5vLmpwZyIsInNsaWRlc2hvdyI6IjEyOTVlODFfMjMzIn0%3D\" href=\"https:\/\/pruebas.maveingenieros.com\/wp-content\/uploads\/2024\/07\/equipo_humano.jpg\">\n\t\t\t\t\t<div class=\"ee-media__wrapper ee-gallery__media-wrapper ee-gallery__tilt\"><div class=\"ee-media__thumbnail ee-gallery__media__thumbnail\">\n\t\t\t<img decoding=\"async\" src=\"https:\/\/pruebas.maveingenieros.com\/wp-content\/uploads\/2024\/07\/equipo_humano.jpg\" \/>\n\t\t<\/div><div class=\"ee-media__overlay ee-gallery__media__overlay\"><\/div><\/div>\n\t\t\t\t<\/a>\n\t\t\t<\/div><div class=\"ee-gallery__item ee-gallery__item--5 ee-grid__item\">\n\t\t\t\t<a class=\"ee-media ee-gallery__media\" data-elementor-open-lightbox=\"yes\" data-elementor-lightbox-slideshow=\"1295e81_233\" data-e-action-hash=\"#elementor-action%3Aaction%3Dlightbox%26settings%3DeyJpZCI6NTIwLCJ1cmwiOiJodHRwczpcL1wvcHJ1ZWJhcy5tYXZlaW5nZW5pZXJvcy5jb21cL3dwLWNvbnRlbnRcL3VwbG9hZHNcLzIwMjRcLzA3XC9pbmdlbmllcm9zLXNjYWxlZC5qcGciLCJzbGlkZXNob3ciOiIxMjk1ZTgxXzIzMyJ9\" href=\"https:\/\/pruebas.maveingenieros.com\/wp-content\/uploads\/2024\/07\/ingenieros-scaled.jpg\">\n\t\t\t\t\t<div class=\"ee-media__wrapper ee-gallery__media-wrapper ee-gallery__tilt\"><div class=\"ee-media__thumbnail ee-gallery__media__thumbnail\">\n\t\t\t<img decoding=\"async\" src=\"https:\/\/pruebas.maveingenieros.com\/wp-content\/uploads\/2024\/07\/ingenieros-scaled.jpg\" \/>\n\t\t<\/div><div class=\"ee-media__overlay ee-gallery__media__overlay\"><\/div><\/div>\n\t\t\t\t<\/a>\n\t\t\t<\/div><div class=\"ee-gallery__item ee-gallery__item--6 ee-grid__item\">\n\t\t\t\t<a class=\"ee-media ee-gallery__media\" data-elementor-open-lightbox=\"yes\" data-elementor-lightbox-slideshow=\"1295e81_233\" data-e-action-hash=\"#elementor-action%3Aaction%3Dlightbox%26settings%3DeyJpZCI6NTE5LCJ1cmwiOiJodHRwczpcL1wvcHJ1ZWJhcy5tYXZlaW5nZW5pZXJvcy5jb21cL3dwLWNvbnRlbnRcL3VwbG9hZHNcLzIwMjRcLzA3XC9wcm9ncmFtYWNpb24taW5kdXN0cmlhbC5qcGciLCJzbGlkZXNob3ciOiIxMjk1ZTgxXzIzMyJ9\" href=\"https:\/\/pruebas.maveingenieros.com\/wp-content\/uploads\/2024\/07\/programacion-industrial.jpg\">\n\t\t\t\t\t<div class=\"ee-media__wrapper ee-gallery__media-wrapper ee-gallery__tilt\"><div class=\"ee-media__thumbnail ee-gallery__media__thumbnail\">\n\t\t\t<img decoding=\"async\" src=\"https:\/\/pruebas.maveingenieros.com\/wp-content\/uploads\/2024\/07\/programacion-industrial.jpg\" \/>\n\t\t<\/div><div class=\"ee-media__overlay ee-gallery__media__overlay\"><\/div><\/div>\n\t\t\t\t<\/a>\n\t\t\t<\/div><div class=\"ee-gallery__item ee-gallery__item--7 ee-grid__item\">\n\t\t\t\t<a class=\"ee-media ee-gallery__media\" data-elementor-open-lightbox=\"yes\" data-elementor-lightbox-slideshow=\"1295e81_233\" data-e-action-hash=\"#elementor-action%3Aaction%3Dlightbox%26settings%3DeyJpZCI6NTMxLCJ1cmwiOiJodHRwczpcL1wvcHJ1ZWJhcy5tYXZlaW5nZW5pZXJvcy5jb21cL3dwLWNvbnRlbnRcL3VwbG9hZHNcLzIwMjRcLzA3XC9pbmdlbmllcm9zLTEuanBnIiwic2xpZGVzaG93IjoiMTI5NWU4MV8yMzMifQ%3D%3D\" href=\"https:\/\/pruebas.maveingenieros.com\/wp-content\/uploads\/2024\/07\/ingenieros-1.jpg\">\n\t\t\t\t\t<div class=\"ee-media__wrapper ee-gallery__media-wrapper ee-gallery__tilt\"><div class=\"ee-media__thumbnail ee-gallery__media__thumbnail\">\n\t\t\t<img decoding=\"async\" src=\"https:\/\/pruebas.maveingenieros.com\/wp-content\/uploads\/2024\/07\/ingenieros-1.jpg\" \/>\n\t\t<\/div><div class=\"ee-media__overlay ee-gallery__media__overlay\"><\/div><\/div>\n\t\t\t\t<\/a>\n\t\t\t<\/div><div class=\"ee-gallery__item ee-gallery__item--8 ee-grid__item\">\n\t\t\t\t<a class=\"ee-media ee-gallery__media\" data-elementor-open-lightbox=\"yes\" data-elementor-lightbox-slideshow=\"1295e81_233\" data-e-action-hash=\"#elementor-action%3Aaction%3Dlightbox%26settings%3DeyJpZCI6NTUyLCJ1cmwiOiJodHRwczpcL1wvcHJ1ZWJhcy5tYXZlaW5nZW5pZXJvcy5jb21cL3dwLWNvbnRlbnRcL3VwbG9hZHNcLzIwMjRcLzA3XC9jYWxpZGFkZXMuanBnIiwic2xpZGVzaG93IjoiMTI5NWU4MV8yMzMifQ%3D%3D\" href=\"https:\/\/pruebas.maveingenieros.com\/wp-content\/uploads\/2024\/07\/calidades.jpg\">\n\t\t\t\t\t<div class=\"ee-media__wrapper ee-gallery__media-wrapper ee-gallery__tilt\"><div class=\"ee-media__thumbnail ee-gallery__media__thumbnail\">\n\t\t\t<img decoding=\"async\" src=\"https:\/\/pruebas.maveingenieros.com\/wp-content\/uploads\/2024\/07\/calidades.jpg\" \/>\n\t\t<\/div><div class=\"ee-media__overlay ee-gallery__media__overlay\"><\/div><\/div>\n\t\t\t\t<\/a>\n\t\t\t<\/div><\/div>\n\t\t<\/div>\t\t\t\t<\/div>\n\t\t\t\t<\/div>\n\t\t\t\t<\/div>\n\t\t\t\t\t<\/div>\n\t\t\t\t<\/div>\n\t\t\t\t<\/div>","protected":false},"excerpt":{"rendered":"<p>Galer\u00eda Galer\u00eda de im\u00e1genes de algunos de nuestros proyectos<\/p>","protected":false},"author":1,"featured_media":0,"parent":0,"menu_order":0,"comment_status":"closed","ping_status":"closed","template":"","meta":{"footnotes":""},"class_list":["post-233","page","type-page","status-publish","hentry"],"yoast_head":"<!-- This site is optimized with the Yoast SEO plugin v26.3 - https:\/\/yoast.com\/wordpress\/plugins\/seo\/ -->\n<title>Galer\u00eda - Mave Ingenieros<\/title>\n<meta name=\"robots\" content=\"index, follow, max-snippet:-1, max-image-preview:large, max-video-preview:-1\" \/>\n<link rel=\"canonical\" href=\"https:\/\/pruebas.maveingenieros.com\/en\/galeria\/\" \/>\n<meta property=\"og:locale\" content=\"en_GB\" \/>\n<meta property=\"og:type\" content=\"article\" \/>\n<meta property=\"og:title\" content=\"Galer\u00eda - Mave Ingenieros\" \/>\n<meta property=\"og:description\" content=\"Galer\u00eda Galer\u00eda de im\u00e1genes de algunos de nuestros proyectos\" \/>\n<meta property=\"og:url\" content=\"https:\/\/pruebas.maveingenieros.com\/en\/galeria\/\" \/>\n<meta property=\"og:site_name\" content=\"Mave Ingenieros\" \/>\n<meta property=\"article:modified_time\" content=\"2025-10-21T17:47:08+00:00\" \/>\n<meta property=\"og:image\" content=\"https:\/\/pruebas.maveingenieros.com\/wp-content\/uploads\/2024\/08\/formacion_ingenieros.jpg.webp\" \/>\n<meta name=\"twitter:card\" content=\"summary_large_image\" \/>\n<meta name=\"twitter:label1\" content=\"Estimated reading time\" \/>\n\t<meta name=\"twitter:data1\" content=\"2 minutes\" \/>\n<script type=\"application\/ld+json\" class=\"yoast-schema-graph\">{\"@context\":\"https:\/\/schema.org\",\"@graph\":[{\"@type\":\"WebPage\",\"@id\":\"https:\/\/pruebas.maveingenieros.com\/galeria\/\",\"url\":\"https:\/\/pruebas.maveingenieros.com\/galeria\/\",\"name\":\"Galer\u00eda - Mave Ingenieros\",\"isPartOf\":{\"@id\":\"https:\/\/pruebas.maveingenieros.com\/#website\"},\"primaryImageOfPage\":{\"@id\":\"https:\/\/pruebas.maveingenieros.com\/galeria\/#primaryimage\"},\"image\":{\"@id\":\"https:\/\/pruebas.maveingenieros.com\/galeria\/#primaryimage\"},\"thumbnailUrl\":\"https:\/\/pruebas.maveingenieros.com\/wp-content\/uploads\/2024\/08\/formacion_ingenieros.jpg.webp\",\"datePublished\":\"2024-05-29T10:50:13+00:00\",\"dateModified\":\"2025-10-21T17:47:08+00:00\",\"breadcrumb\":{\"@id\":\"https:\/\/pruebas.maveingenieros.com\/galeria\/#breadcrumb\"},\"inLanguage\":\"en-GB\",\"potentialAction\":[{\"@type\":\"ReadAction\",\"target\":[\"https:\/\/pruebas.maveingenieros.com\/galeria\/\"]}]},{\"@type\":\"ImageObject\",\"inLanguage\":\"en-GB\",\"@id\":\"https:\/\/pruebas.maveingenieros.com\/galeria\/#primaryimage\",\"url\":\"https:\/\/pruebas.maveingenieros.com\/wp-content\/uploads\/2024\/08\/formacion_ingenieros.jpg.webp\",\"contentUrl\":\"https:\/\/pruebas.maveingenieros.com\/wp-content\/uploads\/2024\/08\/formacion_ingenieros.jpg.webp\"},{\"@type\":\"BreadcrumbList\",\"@id\":\"https:\/\/pruebas.maveingenieros.com\/galeria\/#breadcrumb\",\"itemListElement\":[{\"@type\":\"ListItem\",\"position\":1,\"name\":\"Portada\",\"item\":\"https:\/\/pruebas.maveingenieros.com\/\"},{\"@type\":\"ListItem\",\"position\":2,\"name\":\"Galer\u00eda\"}]},{\"@type\":\"WebSite\",\"@id\":\"https:\/\/pruebas.maveingenieros.com\/#website\",\"url\":\"https:\/\/pruebas.maveingenieros.com\/\",\"name\":\"Mave Ingenieros\",\"description\":\"\",\"publisher\":{\"@id\":\"https:\/\/pruebas.maveingenieros.com\/#organization\"},\"potentialAction\":[{\"@type\":\"SearchAction\",\"target\":{\"@type\":\"EntryPoint\",\"urlTemplate\":\"https:\/\/pruebas.maveingenieros.com\/?s={search_term_string}\"},\"query-input\":{\"@type\":\"PropertyValueSpecification\",\"valueRequired\":true,\"valueName\":\"search_term_string\"}}],\"inLanguage\":\"en-GB\"},{\"@type\":\"Organization\",\"@id\":\"https:\/\/pruebas.maveingenieros.com\/#organization\",\"name\":\"Mave Ingenieros\",\"url\":\"https:\/\/pruebas.maveingenieros.com\/\",\"logo\":{\"@type\":\"ImageObject\",\"inLanguage\":\"en-GB\",\"@id\":\"https:\/\/pruebas.maveingenieros.com\/#\/schema\/logo\/image\/\",\"url\":\"https:\/\/pruebas.maveingenieros.com\/wp-content\/uploads\/2024\/05\/cropped-logo.png\",\"contentUrl\":\"https:\/\/pruebas.maveingenieros.com\/wp-content\/uploads\/2024\/05\/cropped-logo.png\",\"width\":1035,\"height\":269,\"caption\":\"Mave Ingenieros\"},\"image\":{\"@id\":\"https:\/\/pruebas.maveingenieros.com\/#\/schema\/logo\/image\/\"}}]}<\/script>\n<!-- \/ Yoast SEO plugin. -->","yoast_head_json":{"title":"Galer\u00eda - Mave Ingenieros","robots":{"index":"index","follow":"follow","max-snippet":"max-snippet:-1","max-image-preview":"max-image-preview:large","max-video-preview":"max-video-preview:-1"},"canonical":"https:\/\/pruebas.maveingenieros.com\/en\/galeria\/","og_locale":"en_GB","og_type":"article","og_title":"Galer\u00eda - Mave Ingenieros","og_description":"Galer\u00eda Galer\u00eda de im\u00e1genes de algunos de nuestros proyectos","og_url":"https:\/\/pruebas.maveingenieros.com\/en\/galeria\/","og_site_name":"Mave Ingenieros","article_modified_time":"2025-10-21T17:47:08+00:00","og_image":[{"url":"https:\/\/pruebas.maveingenieros.com\/wp-content\/uploads\/2024\/08\/formacion_ingenieros.jpg.webp","type":"","width":"","height":""}],"twitter_card":"summary_large_image","twitter_misc":{"Estimated reading time":"2 minutes"},"schema":{"@context":"https:\/\/schema.org","@graph":[{"@type":"WebPage","@id":"https:\/\/pruebas.maveingenieros.com\/galeria\/","url":"https:\/\/pruebas.maveingenieros.com\/galeria\/","name":"Galer\u00eda - Mave Ingenieros","isPartOf":{"@id":"https:\/\/pruebas.maveingenieros.com\/#website"},"primaryImageOfPage":{"@id":"https:\/\/pruebas.maveingenieros.com\/galeria\/#primaryimage"},"image":{"@id":"https:\/\/pruebas.maveingenieros.com\/galeria\/#primaryimage"},"thumbnailUrl":"https:\/\/pruebas.maveingenieros.com\/wp-content\/uploads\/2024\/08\/formacion_ingenieros.jpg.webp","datePublished":"2024-05-29T10:50:13+00:00","dateModified":"2025-10-21T17:47:08+00:00","breadcrumb":{"@id":"https:\/\/pruebas.maveingenieros.com\/galeria\/#breadcrumb"},"inLanguage":"en-GB","potentialAction":[{"@type":"ReadAction","target":["https:\/\/pruebas.maveingenieros.com\/galeria\/"]}]},{"@type":"ImageObject","inLanguage":"en-GB","@id":"https:\/\/pruebas.maveingenieros.com\/galeria\/#primaryimage","url":"https:\/\/pruebas.maveingenieros.com\/wp-content\/uploads\/2024\/08\/formacion_ingenieros.jpg.webp","contentUrl":"https:\/\/pruebas.maveingenieros.com\/wp-content\/uploads\/2024\/08\/formacion_ingenieros.jpg.webp"},{"@type":"BreadcrumbList","@id":"https:\/\/pruebas.maveingenieros.com\/galeria\/#breadcrumb","itemListElement":[{"@type":"ListItem","position":1,"name":"Portada","item":"https:\/\/pruebas.maveingenieros.com\/"},{"@type":"ListItem","position":2,"name":"Galer\u00eda"}]},{"@type":"WebSite","@id":"https:\/\/pruebas.maveingenieros.com\/#website","url":"https:\/\/pruebas.maveingenieros.com\/","name":"Mave Ingenieros","description":"","publisher":{"@id":"https:\/\/pruebas.maveingenieros.com\/#organization"},"potentialAction":[{"@type":"SearchAction","target":{"@type":"EntryPoint","urlTemplate":"https:\/\/pruebas.maveingenieros.com\/?s={search_term_string}"},"query-input":{"@type":"PropertyValueSpecification","valueRequired":true,"valueName":"search_term_string"}}],"inLanguage":"en-GB"},{"@type":"Organization","@id":"https:\/\/pruebas.maveingenieros.com\/#organization","name":"Mave Ingenieros","url":"https:\/\/pruebas.maveingenieros.com\/","logo":{"@type":"ImageObject","inLanguage":"en-GB","@id":"https:\/\/pruebas.maveingenieros.com\/#\/schema\/logo\/image\/","url":"https:\/\/pruebas.maveingenieros.com\/wp-content\/uploads\/2024\/05\/cropped-logo.png","contentUrl":"https:\/\/pruebas.maveingenieros.com\/wp-content\/uploads\/2024\/05\/cropped-logo.png","width":1035,"height":269,"caption":"Mave Ingenieros"},"image":{"@id":"https:\/\/pruebas.maveingenieros.com\/#\/schema\/logo\/image\/"}}]}},"_links":{"self":[{"href":"https:\/\/pruebas.maveingenieros.com\/en\/wp-json\/wp\/v2\/pages\/233","targetHints":{"allow":["GET"]}}],"collection":[{"href":"https:\/\/pruebas.maveingenieros.com\/en\/wp-json\/wp\/v2\/pages"}],"about":[{"href":"https:\/\/pruebas.maveingenieros.com\/en\/wp-json\/wp\/v2\/types\/page"}],"author":[{"embeddable":true,"href":"https:\/\/pruebas.maveingenieros.com\/en\/wp-json\/wp\/v2\/users\/1"}],"replies":[{"embeddable":true,"href":"https:\/\/pruebas.maveingenieros.com\/en\/wp-json\/wp\/v2\/comments?post=233"}],"version-history":[{"count":12,"href":"https:\/\/pruebas.maveingenieros.com\/en\/wp-json\/wp\/v2\/pages\/233\/revisions"}],"predecessor-version":[{"id":3017,"href":"https:\/\/pruebas.maveingenieros.com\/en\/wp-json\/wp\/v2\/pages\/233\/revisions\/3017"}],"wp:attachment":[{"href":"https:\/\/pruebas.maveingenieros.com\/en\/wp-json\/wp\/v2\/media?parent=233"}],"curies":[{"name":"wp","href":"https:\/\/api.w.org\/{rel}","templated":true}]}}